{"id":511,"date":"2025-05-02T17:31:39","date_gmt":"2025-05-02T17:31:39","guid":{"rendered":"https:\/\/www.jbkolie.com\/?page_id=511"},"modified":"2025-05-02T19:55:21","modified_gmt":"2025-05-02T19:55:21","slug":"comunidad","status":"publish","type":"page","link":"https:\/\/www.jbkolie.com\/fr\/comunidad\/","title":{"rendered":"Communaut\u00e9"},"content":{"rendered":"<div data-elementor-type=\"wp-page\" data-elementor-id=\"511\" class=\"elementor elementor-511\" data-elementor-post-type=\"page\">\n\t\t\t\t\t\t<section class=\"elementor-section elementor-top-section elementor-element elementor-element-d76e816 elementor-section-height-min-height elementor-section-boxed elementor-section-height-default elementor-section-items-middle\" data-id=\"d76e816\" data-element_type=\"section\" data-settings=\"{&quot;background_background&quot;:&quot;classic&quot;}\">\n\t\t\t\t\t\t\t<div class=\"elementor-background-overlay\"><\/div>\n\t\t\t\t\t\t\t<div class=\"elementor-container elementor-column-gap-default\">\n\t\t\t\t\t<div class=\"elementor-column elementor-col-100 elementor-top-column elementor-element elementor-element-303d929\" data-id=\"303d929\" data-element_type=\"column\">\n\t\t\t<div class=\"elementor-widget-wrap elementor-element-populated\">\n\t\t\t\t\t\t<div class=\"elementor-element elementor-element-b38b44a elementor-widget elementor-widget-heading\" data-id=\"b38b44a\" data-element_type=\"widget\" data-widget_type=\"heading.default\">\n\t\t\t\t<div class=\"elementor-widget-container\">\n\t\t\t\t\t<h1 class=\"elementor-heading-title elementor-size-default\">Comunidad\/Eventos<\/h1>\t\t\t\t<\/div>\n\t\t\t\t<\/div>\n\t\t\t\t<div class=\"elementor-element elementor-element-8400cc0 elementor-widget elementor-widget-text-editor\" data-id=\"8400cc0\" data-element_type=\"widget\" data-widget_type=\"text-editor.default\">\n\t\t\t\t<div class=\"elementor-widget-container\">\n\t\t\t\t\t\t\t\t\t<p><a href=\"https:\/\/www.jbkolie.com\/fr\/\">Accueil<\/a> &gt; Comunidad<\/p>\t\t\t\t\t\t\t\t<\/div>\n\t\t\t\t<\/div>\n\t\t\t\t\t<\/div>\n\t\t<\/div>\n\t\t\t\t\t<\/div>\n\t\t<\/section>\n\t\t\t\t<section class=\"elementor-section elementor-top-section elementor-element elementor-element-8fb3257 elementor-section-boxed elementor-section-height-default elementor-section-height-default\" data-id=\"8fb3257\" data-element_type=\"section\">\n\t\t\t\t\t\t<div class=\"elementor-container elementor-column-gap-default\">\n\t\t\t\t\t<div class=\"elementor-column elementor-col-100 elementor-top-column elementor-element elementor-element-f31bba7\" data-id=\"f31bba7\" data-element_type=\"column\">\n\t\t\t<div class=\"elementor-widget-wrap elementor-element-populated\">\n\t\t\t\t\t\t<div class=\"elementor-element elementor-element-e9929ab elementor-widget elementor-widget-heading\" data-id=\"e9929ab\" data-element_type=\"widget\" data-widget_type=\"heading.default\">\n\t\t\t\t<div class=\"elementor-widget-container\">\n\t\t\t\t\t<p class=\"elementor-heading-title elementor-size-default\">Communaut\u00e9<\/p>\t\t\t\t<\/div>\n\t\t\t\t<\/div>\n\t\t\t\t<div class=\"elementor-element elementor-element-e61cd3f elementor-widget elementor-widget-elementskit-heading\" data-id=\"e61cd3f\" data-element_type=\"widget\" data-widget_type=\"elementskit-heading.default\">\n\t\t\t\t<div class=\"elementor-widget-container\">\n\t\t\t\t\t<div class=\"ekit-wid-con\" ><div class=\"ekit-heading elementskit-section-title-wraper text_center   ekit_heading_tablet-   ekit_heading_mobile-\"><h2 class=\"ekit-heading--title elementskit-section-title\">Encuentros para l\u00edderes que <span><span>Inspiran<\/span><\/span><\/h2><\/div><\/div>\t\t\t\t<\/div>\n\t\t\t\t<\/div>\n\t\t\t\t<div class=\"elementor-element elementor-element-eab87bc elementor-widget elementor-widget-text-editor\" data-id=\"eab87bc\" data-element_type=\"widget\" data-widget_type=\"text-editor.default\">\n\t\t\t\t<div class=\"elementor-widget-container\">\n\t\t\t\t\t\t\t\t\t<p class=\"\" data-start=\"391\" data-end=\"678\">Nuestra comunidad vive a trav\u00e9s de experiencias \u00fanicas: charlas profundas, retos desafiantes y cumbres inolvidables. Cada evento es una oportunidad para reconectar contigo mismo, activar tu prop\u00f3sito y compartir el camino con otros gigantes que, como t\u00fa, est\u00e1n llamados a dejar huella.<\/p><p class=\"\" data-start=\"680\" data-end=\"729\">\u00a0<\/p>\t\t\t\t\t\t\t\t<\/div>\n\t\t\t\t<\/div>\n\t\t\t\t\t<\/div>\n\t\t<\/div>\n\t\t\t\t\t<\/div>\n\t\t<\/section>\n\t\t<div class=\"elementor-element elementor-element-08b8ca3 e-flex e-con-boxed e-con e-parent\" data-id=\"08b8ca3\" data-element_type=\"container\">\n\t\t\t\t\t<div class=\"e-con-inner\">\n\t\t\t\t<div class=\"elementor-element elementor-element-377cc73 elementor-grid-3 elementor-grid-tablet-2 elementor-grid-mobile-1 elementor-posts--thumbnail-top elementor-card-shadow-yes elementor-posts__hover-gradient elementor-widget elementor-widget-posts\" data-id=\"377cc73\" data-element_type=\"widget\" data-settings=\"{&quot;pagination_type&quot;:&quot;prev_next&quot;,&quot;cards_columns&quot;:&quot;3&quot;,&quot;cards_columns_tablet&quot;:&quot;2&quot;,&quot;cards_columns_mobile&quot;:&quot;1&quot;,&quot;cards_row_gap&quot;:{&quot;unit&quot;:&quot;px&quot;,&quot;size&quot;:35,&quot;sizes&quot;:[]},&quot;cards_row_gap_tablet&quot;:{&quot;unit&quot;:&quot;px&quot;,&quot;size&quot;:&quot;&quot;,&quot;sizes&quot;:[]},&quot;cards_row_gap_mobile&quot;:{&quot;unit&quot;:&quot;px&quot;,&quot;size&quot;:&quot;&quot;,&quot;sizes&quot;:[]}}\" data-widget_type=\"posts.cards\">\n\t\t\t\t<div class=\"elementor-widget-container\">\n\t\t\t\t\t\t\t<div class=\"elementor-posts-container elementor-posts elementor-posts--skin-cards elementor-grid\" role=\"list\">\n\t\t\t\t<article class=\"elementor-post elementor-grid-item post-653 post type-post status-publish format-standard has-post-thumbnail hentry category-articulo\" role=\"listitem\">\n\t\t\t<div class=\"elementor-post__card\">\n\t\t\t\t<a class=\"elementor-post__thumbnail__link\" href=\"https:\/\/www.jbkolie.com\/fr\/lo-primero-de-lo-urgente-volver-al-corazon-de-las-organizaciones\/\" tabindex=\"-1\" target=\"_blank\"><div class=\"elementor-post__thumbnail\"><img fetchpriority=\"high\" decoding=\"async\" width=\"300\" height=\"200\" src=\"https:\/\/www.jbkolie.com\/wp-content\/uploads\/2025\/07\/WhatsApp-Image-2025-07-04-at-1.14.18-PM-300x200.jpeg\" class=\"attachment-medium size-medium wp-image-654\" alt=\"\" srcset=\"https:\/\/www.jbkolie.com\/wp-content\/uploads\/2025\/07\/WhatsApp-Image-2025-07-04-at-1.14.18-PM-300x200.jpeg 300w, https:\/\/www.jbkolie.com\/wp-content\/uploads\/2025\/07\/WhatsApp-Image-2025-07-04-at-1.14.18-PM-1024x683.jpeg 1024w, https:\/\/www.jbkolie.com\/wp-content\/uploads\/2025\/07\/WhatsApp-Image-2025-07-04-at-1.14.18-PM-768x512.jpeg 768w, https:\/\/www.jbkolie.com\/wp-content\/uploads\/2025\/07\/WhatsApp-Image-2025-07-04-at-1.14.18-PM.jpeg 1500w\" sizes=\"(max-width: 300px) 100vw, 300px\" \/><\/div><\/a>\n\t\t\t\t<div class=\"elementor-post__text\">\n\t\t\t\t<h3 class=\"elementor-post__title\">\n\t\t\t<a href=\"https:\/\/www.jbkolie.com\/fr\/lo-primero-de-lo-urgente-volver-al-corazon-de-las-organizaciones\/\" target=\"&quot;_blank&quot;\">\n\t\t\t\tCommen\u00e7ons par le commencement : revenir au c\u0153ur des organisations\t\t\t<\/a>\n\t\t<\/h3>\n\t\t\t\t<div class=\"elementor-post__excerpt\">\n\t\t\t<p>Lo primero de lo urgente: volver al coraz\u00f3n de las organizaciones Bit\u00e1cora del Fuego \u2013 Jean-Baptiste Koli\u00e9 \u201cTodos hablan de calidad de productos, calidad en<\/p>\n\t\t<\/div>\n\t\t\t\t\t<div class=\"elementor-post__read-more-wrapper\">\n\t\t\n\t\t<a class=\"elementor-post__read-more\" href=\"https:\/\/www.jbkolie.com\/fr\/lo-primero-de-lo-urgente-volver-al-corazon-de-las-organizaciones\/\" aria-label=\"Read more about Lo primero de lo urgente: volver al coraz\u00f3n de las organizaciones\" tabindex=\"-1\" target=\"_blank\">\n\t\t\tVer m\u00e1s\t\t<\/a>\n\n\t\t\t\t\t<\/div>\n\t\t\t\t<\/div>\n\t\t\t\t<div class=\"elementor-post__meta-data\">\n\t\t\t\t\t<span class=\"elementor-post-date\">\n\t\t\tjuillet 8, 2025\t\t<\/span>\n\t\t\t\t<span class=\"elementor-post-avatar\">\n\t\t\tAucun commentaire\t\t<\/span>\n\t\t\t\t<\/div>\n\t\t\t\t\t<\/div>\n\t\t<\/article>\n\t\t\t\t<article class=\"elementor-post elementor-grid-item post-564 post type-post status-publish format-standard hentry category-evento\" role=\"listitem\">\n\t\t\t<div class=\"elementor-post__card\">\n\t\t\t\t<div class=\"elementor-post__text\">\n\t\t\t\t<h3 class=\"elementor-post__title\">\n\t\t\t<a href=\"https:\/\/www.jbkolie.com\/fr\/cumbre-de-reencuentro-de-gigantes\/\" target=\"&quot;_blank&quot;\">\n\t\t\t\tCumbre de reencuentro de gigantes\t\t\t<\/a>\n\t\t<\/h3>\n\t\t\t\t<div class=\"elementor-post__excerpt\">\n\t\t\t<p>Cumbre de reencuentro de gigantes Inicio &gt; Comunidad &gt; Cumbre de reencuentro de gigantes CONOCE Cumbre de reencuentro de gigantes Descripci\u00f3n del evento \u00danete al<\/p>\n\t\t<\/div>\n\t\t\t\t\t<div class=\"elementor-post__read-more-wrapper\">\n\t\t\n\t\t<a class=\"elementor-post__read-more\" href=\"https:\/\/www.jbkolie.com\/fr\/cumbre-de-reencuentro-de-gigantes\/\" aria-label=\"Read more about Cumbre de reencuentro de gigantes\" tabindex=\"-1\" target=\"_blank\">\n\t\t\tVer m\u00e1s\t\t<\/a>\n\n\t\t\t\t\t<\/div>\n\t\t\t\t<\/div>\n\t\t\t\t<div class=\"elementor-post__meta-data\">\n\t\t\t\t\t<span class=\"elementor-post-date\">\n\t\t\tmai 2, 2025\t\t<\/span>\n\t\t\t\t<span class=\"elementor-post-avatar\">\n\t\t\tAucun commentaire\t\t<\/span>\n\t\t\t\t<\/div>\n\t\t\t\t\t<\/div>\n\t\t<\/article>\n\t\t\t\t<article class=\"elementor-post elementor-grid-item post-562 post type-post status-publish format-standard hentry category-evento\" role=\"listitem\">\n\t\t\t<div class=\"elementor-post__card\">\n\t\t\t\t<div class=\"elementor-post__text\">\n\t\t\t\t<h3 class=\"elementor-post__title\">\n\t\t\t<a href=\"https:\/\/www.jbkolie.com\/fr\/retos-de-activacion\/\" target=\"&quot;_blank&quot;\">\n\t\t\t\tRetos de activaci\u00f3n\t\t\t<\/a>\n\t\t<\/h3>\n\t\t\t\t<div class=\"elementor-post__excerpt\">\n\t\t\t<p>Retos de activaci\u00f3n Inicio &gt; Comunidad &gt; Retos de activaci\u00f3n CONOCE Retos de activaci\u00f3n Descripci\u00f3n del evento \u00danete al evento<\/p>\n\t\t<\/div>\n\t\t\t\t\t<div class=\"elementor-post__read-more-wrapper\">\n\t\t\n\t\t<a class=\"elementor-post__read-more\" href=\"https:\/\/www.jbkolie.com\/fr\/retos-de-activacion\/\" aria-label=\"Read more about Retos de activaci\u00f3n\" tabindex=\"-1\" target=\"_blank\">\n\t\t\tVer m\u00e1s\t\t<\/a>\n\n\t\t\t\t\t<\/div>\n\t\t\t\t<\/div>\n\t\t\t\t<div class=\"elementor-post__meta-data\">\n\t\t\t\t\t<span class=\"elementor-post-date\">\n\t\t\tmai 2, 2025\t\t<\/span>\n\t\t\t\t<span class=\"elementor-post-avatar\">\n\t\t\tAucun commentaire\t\t<\/span>\n\t\t\t\t<\/div>\n\t\t\t\t\t<\/div>\n\t\t<\/article>\n\t\t\t\t<article class=\"elementor-post elementor-grid-item post-541 post type-post status-publish format-standard hentry category-evento\" role=\"listitem\">\n\t\t\t<div class=\"elementor-post__card\">\n\t\t\t\t<div class=\"elementor-post__text\">\n\t\t\t\t<h3 class=\"elementor-post__title\">\n\t\t\t<a href=\"https:\/\/www.jbkolie.com\/fr\/faro-de-gigantes\/\" target=\"&quot;_blank&quot;\">\n\t\t\t\tFaro de gigantes\t\t\t<\/a>\n\t\t<\/h3>\n\t\t\t\t<div class=\"elementor-post__excerpt\">\n\t\t\t<p>Faro de gigantes Inicio &gt; Comunidad &gt; Faro de gigantes CONOCE FARO DE GIGANTES Descripci\u00f3n del evento \u00danete al evento<\/p>\n\t\t<\/div>\n\t\t\t\t\t<div class=\"elementor-post__read-more-wrapper\">\n\t\t\n\t\t<a class=\"elementor-post__read-more\" href=\"https:\/\/www.jbkolie.com\/fr\/faro-de-gigantes\/\" aria-label=\"Read more about Faro de gigantes\" tabindex=\"-1\" target=\"_blank\">\n\t\t\tVer m\u00e1s\t\t<\/a>\n\n\t\t\t\t\t<\/div>\n\t\t\t\t<\/div>\n\t\t\t\t<div class=\"elementor-post__meta-data\">\n\t\t\t\t\t<span class=\"elementor-post-date\">\n\t\t\tmai 2, 2025\t\t<\/span>\n\t\t\t\t<span class=\"elementor-post-avatar\">\n\t\t\tAucun commentaire\t\t<\/span>\n\t\t\t\t<\/div>\n\t\t\t\t\t<\/div>\n\t\t<\/article>\n\t\t\t\t<\/div>\n\t\t\n\t\t\t\t\t\t<\/div>\n\t\t\t\t<\/div>\n\t\t\t\t\t<\/div>\n\t\t\t\t<\/div>\n\t\t\t\t<\/div>","protected":false},"excerpt":{"rendered":"<p>Comunidad\/Eventos INICIO &gt; Comunidad Comunidad Encuentros para l\u00edderes que Inspiran Nuestra comunidad vive a trav\u00e9s de experiencias \u00fanicas: charlas profundas, retos desafiantes y cumbres inolvidables. Cada evento es una oportunidad para reconectar contigo mismo, activar tu prop\u00f3sito y compartir el camino con otros gigantes que, como t\u00fa, est\u00e1n llamados a dejar huella. \u00a0<\/p>","protected":false},"author":1,"featured_media":0,"parent":0,"menu_order":0,"comment_status":"closed","ping_status":"closed","template":"","meta":{"_joinchat":[],"footnotes":""},"class_list":["post-511","page","type-page","status-publish","hentry"],"_links":{"self":[{"href":"https:\/\/www.jbkolie.com\/fr\/wp-json\/wp\/v2\/pages\/511","targetHints":{"allow":["GET"]}}],"collection":[{"href":"https:\/\/www.jbkolie.com\/fr\/wp-json\/wp\/v2\/pages"}],"about":[{"href":"https:\/\/www.jbkolie.com\/fr\/wp-json\/wp\/v2\/types\/page"}],"author":[{"embeddable":true,"href":"https:\/\/www.jbkolie.com\/fr\/wp-json\/wp\/v2\/users\/1"}],"replies":[{"embeddable":true,"href":"https:\/\/www.jbkolie.com\/fr\/wp-json\/wp\/v2\/comments?post=511"}],"version-history":[{"count":7,"href":"https:\/\/www.jbkolie.com\/fr\/wp-json\/wp\/v2\/pages\/511\/revisions"}],"predecessor-version":[{"id":591,"href":"https:\/\/www.jbkolie.com\/fr\/wp-json\/wp\/v2\/pages\/511\/revisions\/591"}],"wp:attachment":[{"href":"https:\/\/www.jbkolie.com\/fr\/wp-json\/wp\/v2\/media?parent=511"}],"curies":[{"name":"wp","href":"https:\/\/api.w.org\/{rel}","templated":true}]}}